{"id":52,"date":"2021-04-25T23:12:01","date_gmt":"2021-04-25T21:12:01","guid":{"rendered":"http:\/\/coursierexpress.ch\/demo\/?page_id=52&#038;lang=de"},"modified":"2022-12-15T08:33:40","modified_gmt":"2022-12-15T07:33:40","slug":"legalisierungen-und-visa","status":"publish","type":"page","link":"https:\/\/coursierexpress.ch\/de\/dienstleistungen\/legalisierungen-und-visa\/","title":{"rendered":"Legalisierungen und Visa"},"content":{"rendered":"\n<p><strong>Zitat per Telefon, E-Mail, WhatsApp oder Kontaktformular<\/strong>.<\/p>\n\n\n\n<div style=\"height:20px\" aria-hidden=\"true\" class=\"wp-block-spacer\"><\/div>\n\n\n\n<div class=\"wp-block-group\"><div class=\"wp-block-group__inner-container is-layout-flow wp-block-group-is-layout-flow\">\n<a href=\"tel:+41763644905\" style=\"margin-right:35px\"><img loading=\"lazy\" decoding=\"async\" width=\"45\" height=\"45\" src=\"http:\/\/coursierexpress.ch\/wp-content\/uploads\/2021\/05\/Frame-773.png\" alt=\"\" class=\"wp-image-251\"><\/a><a href=\"mailto:info@coursierexpress.ch\" style=\"margin-right:35px\"><img decoding=\"async\" src=\"http:\/\/coursierexpress.ch\/wp-content\/uploads\/2021\/05\/Frame-774.png\" alt=\"\" class=\"wp-image-251\"><\/a><a href=\"https:\/\/wa.link\/wbnv6k\" target=\"_blank\" style=\"margin-right:0px\" rel=\"noopener\"><img decoding=\"async\" src=\"http:\/\/coursierexpress.ch\/wp-content\/uploads\/2021\/05\/Frame-775.png\" alt=\"\" class=\"wp-image-251\"><\/a>\n<\/div><\/div>\n\n\n\n<div style=\"height:15px\" aria-hidden=\"true\" class=\"wp-block-spacer\"><\/div>\n\n\n\n<p><strong>Unsere Experten f\u00fcr konsularische Dienstleistungen stellen Ihnen alle Informationen, die Sie ben\u00f6tigen, v\u00f6llig kostenlos zur Verf\u00fcgung<\/strong>. Wir stehen Ihnen jederzeit zur Verf\u00fcgung, um Sie in allen Phasen Ihrer konsularischen Verfahren zu unterst\u00fctzen.<br><br>Wenden Sie sich per Telefon, E-Mail oder WhatsApp an unseren Kundendienst, der sich aus Fachexperten, um konsularische Verfahren f\u00fcr das Ziel Ihrer Wahl zu erfragen.<br><br><strong>Sie wissen, dass die konsularischen Verfahren f\u00fcr jedes Land in Bezug auf Visumantr\u00e4ge unterschiedlich sind<\/strong>. All dies h\u00e4ngt von den verschiedenen L\u00e4ndern unterzeichneten Abkommen ab. Im Rahmen der Angebotserstellung m\u00f6chten wir Ihnen die Preise sowie alle notwendigen Informationen zusenden, die wir v\u00f6llig kostenlos zur Verf\u00fcgung stellen.<br><br>M\u00f6chten Sie ein Visum f\u00fcr Russland, ein Visum f\u00fcr China oder ein anderes Land<strong>?<\/strong>&nbsp;<\/p>\n\n\n\n<p>Unsere Experten erleichtern Ihnen erheblich die Arbeit, indem sie alle erforderlichen Schritte f\u00fcr Sie unternehmen.<br><br><strong>Coursier Express bietet Ihnen seinen Verwaltungsservice f\u00fcr den administrativen Teil zur Legalisierung Ihrer Dokumente an<\/strong>.<strong> M\u00f6glich wird dies durch das Netzwerk, das wir mit Botschaften, Konsulaten, Notaren, Legalisierung Diensten und der Schweizer Arabischen Kammer aufgebaut haben<\/strong>.&nbsp;<\/p>\n","protected":false},"excerpt":{"rendered":"<p>Zitat per Telefon, E-Mail, WhatsApp oder Kontaktformular. Unsere Experten f\u00fcr konsularische Dienstleistungen stellen Ihnen alle Informationen, die Sie ben\u00f6tigen, v\u00f6llig kostenlos zur Verf\u00fcgung. Wir stehen Ihnen jederzeit zur Verf\u00fcgung, um Sie in allen Phasen Ihrer konsularischen Verfahren zu unterst\u00fctzen. Wenden Sie sich per Telefon, E-Mail oder WhatsApp an unseren Kundendienst, der sich aus Fachexperten, um [&hellip;]<\/p>\n","protected":false},"author":1,"featured_media":97,"parent":43,"menu_order":1,"comment_status":"closed","ping_status":"closed","template":"","meta":{"_acf_changed":false,"_seopress_robots_primary_cat":"","_seopress_titles_title":"Legalisierungen und Visa","_seopress_titles_desc":"Coursier Express bietet Ihnen seinen Verwaltungsservice f\u00fcr den administrativen Teil zur Legalisierung Ihrer Dokumente an.","_seopress_robots_index":"","footnotes":""},"class_list":["post-52","page","type-page","status-publish","has-post-thumbnail"],"acf":[],"_links":{"self":[{"href":"https:\/\/coursierexpress.ch\/de\/wp-json\/wp\/v2\/pages\/52","targetHints":{"allow":["GET"]}}],"collection":[{"href":"https:\/\/coursierexpress.ch\/de\/wp-json\/wp\/v2\/pages"}],"about":[{"href":"https:\/\/coursierexpress.ch\/de\/wp-json\/wp\/v2\/types\/page"}],"author":[{"embeddable":true,"href":"https:\/\/coursierexpress.ch\/de\/wp-json\/wp\/v2\/users\/1"}],"replies":[{"embeddable":true,"href":"https:\/\/coursierexpress.ch\/de\/wp-json\/wp\/v2\/comments?post=52"}],"version-history":[{"count":1,"href":"https:\/\/coursierexpress.ch\/de\/wp-json\/wp\/v2\/pages\/52\/revisions"}],"predecessor-version":[{"id":9432,"href":"https:\/\/coursierexpress.ch\/de\/wp-json\/wp\/v2\/pages\/52\/revisions\/9432"}],"up":[{"embeddable":true,"href":"https:\/\/coursierexpress.ch\/de\/wp-json\/wp\/v2\/pages\/43"}],"wp:featuredmedia":[{"embeddable":true,"href":"https:\/\/coursierexpress.ch\/de\/wp-json\/wp\/v2\/media\/97"}],"wp:attachment":[{"href":"https:\/\/coursierexpress.ch\/de\/wp-json\/wp\/v2\/media?parent=52"}],"curies":[{"name":"wp","href":"https:\/\/api.w.org\/{rel}","templated":true}]}}