{"id":57,"date":"2021-04-25T23:12:45","date_gmt":"2021-04-25T21:12:45","guid":{"rendered":"http:\/\/coursierexpress.ch\/demo\/?page_id=57&#038;lang=de"},"modified":"2021-06-08T15:22:15","modified_gmt":"2021-06-08T13:22:15","slug":"internationale-lieferung","status":"publish","type":"page","link":"https:\/\/coursierexpress.ch\/de\/dienstleistungen\/internationale-lieferung\/","title":{"rendered":"Internationale Lieferung"},"content":{"rendered":"\n<p><strong>Wenden Sie sich an unseren Kundenservice, wenn Sie ein individuelles Angebot w\u00fcnschen, das Ihren Anforderungen entspricht.<\/strong><\/p>\n\n\n\n<div style=\"height:20px\" aria-hidden=\"true\" class=\"wp-block-spacer\"><\/div>\n\n\n\n<div class=\"wp-block-group\"><div class=\"wp-block-group__inner-container is-layout-flow wp-block-group-is-layout-flow\">\n<a href=\"tel:+41763644905\" style=\"margin-right:35px\"><img loading=\"lazy\" decoding=\"async\" width=\"45\" height=\"45\" src=\"http:\/\/coursierexpress.ch\/wp-content\/uploads\/2021\/05\/Frame-773.png\" alt=\"\" class=\"wp-image-251\"><\/a><a href=\"mailto:coursierexpress.ch@gmail.com\" style=\"margin-right:35px\"><img decoding=\"async\" src=\"http:\/\/coursierexpress.ch\/wp-content\/uploads\/2021\/05\/Frame-774.png\" alt=\"\" class=\"wp-image-251\"><\/a><a href=\"https:\/\/wa.link\/wbnv6k\" target=\"_blank\" style=\"margin-right:0px\" rel=\"noopener\"><img decoding=\"async\" src=\"http:\/\/coursierexpress.ch\/wp-content\/uploads\/2021\/05\/Frame-775.png\" alt=\"\" class=\"wp-image-251\"><\/a>\n<\/div><\/div>\n\n\n\n<div style=\"height:15px\" aria-hidden=\"true\" class=\"wp-block-spacer\"><\/div>\n\n\n\n<p>Mit Coursier Express profitieren Sie innerhalb von Minuten nach Ihrem Anruf von der vollst\u00e4ndigen Unterst\u00fctzung Ihrer Pakete und Briefe. <strong>Die Lieferung erfolgt sofort oder tags\u00fcber. Sie m\u00fcssen lediglich die Adresse Ihrer Wahl aus einem der vielen Ziele in Europa und der Welt ausw\u00e4hlen, an die Sie Ihr Paket senden m\u00f6chten<\/strong>.<br><br>In Bezug auf den Transport werden alle von uns gesendeten Angebote per Telefon, E-Mail, WhatsApp oder Kontaktformular erstellt. Wir werden uns bem\u00fchen, die notwendigen L\u00f6sungen f\u00fcr Ihre Bed\u00fcrfnisse bereitzustellen. Alles, was Sie tun m\u00fcssen, ist uns die angeforderten Dienstleistungen mit ausreichenden Details mitzuteilen.<br><br>Wenn Sie weitere Informationen w\u00fcnschen, ber\u00e4t Sie unser Kundenservice gerne mit einem besonders aufmerksamen Ohr. Wir sind uns v\u00f6llig klar und bewusst, dass jede Anfrage eines Kunden anders ist und dass unbedingt eine geeignete L\u00f6sung vorgeschlagen werden muss. <strong>Wir bem\u00fchen uns, Ihre Lieferanfragen mit \u00e4u\u00dferster Professionalit\u00e4t und der Aufmerksamkeit zu beantworten, die Sie verdienen<\/strong>.<br><br>Bei Anfragen zu folgenden Elementen: Legalisierung, Apostille und arabische Kammer kontaktieren Sie uns bitte auch per Telefon, E-Mail, WhatsApp oder Kontaktformular.<br><br>Um Ihnen die bestm\u00f6glichen Bedingungen zu bieten, stellen Ihnen unsere Experten f\u00fcr konsularische Dienstleistungen alle Informationen, die Sie ben\u00f6tigen, v\u00f6llig kostenlos zur Verf\u00fcgung. In der Tat stehen wir Ihnen jederzeit zur Verf\u00fcgung, um Sie in allen Phasen Ihrer konsularischen Verfahren zu unterst\u00fctzen.&nbsp;<\/p>\n","protected":false},"excerpt":{"rendered":"<p>Wenden Sie sich an unseren Kundenservice, wenn Sie ein individuelles Angebot w\u00fcnschen, das Ihren Anforderungen entspricht. Mit Coursier Express profitieren Sie innerhalb von Minuten nach Ihrem Anruf von der vollst\u00e4ndigen Unterst\u00fctzung Ihrer Pakete und Briefe. Die Lieferung erfolgt sofort oder tags\u00fcber. Sie m\u00fcssen lediglich die Adresse Ihrer Wahl aus einem der vielen Ziele in Europa [&hellip;]<\/p>\n","protected":false},"author":1,"featured_media":97,"parent":43,"menu_order":2,"comment_status":"closed","ping_status":"closed","template":"","meta":{"_acf_changed":false,"_seopress_robots_primary_cat":"","_seopress_titles_title":"Internationale Lieferung","_seopress_titles_desc":"Mit Coursier Express profitieren Sie innerhalb von Minuten nach Ihrem Anruf von der vollst\u00e4ndigen Unterst\u00fctzung Ihrer Pakete und Briefe.","_seopress_robots_index":"","footnotes":""},"class_list":["post-57","page","type-page","status-publish","has-post-thumbnail"],"acf":[],"_links":{"self":[{"href":"https:\/\/coursierexpress.ch\/de\/wp-json\/wp\/v2\/pages\/57","targetHints":{"allow":["GET"]}}],"collection":[{"href":"https:\/\/coursierexpress.ch\/de\/wp-json\/wp\/v2\/pages"}],"about":[{"href":"https:\/\/coursierexpress.ch\/de\/wp-json\/wp\/v2\/types\/page"}],"author":[{"embeddable":true,"href":"https:\/\/coursierexpress.ch\/de\/wp-json\/wp\/v2\/users\/1"}],"replies":[{"embeddable":true,"href":"https:\/\/coursierexpress.ch\/de\/wp-json\/wp\/v2\/comments?post=57"}],"version-history":[{"count":0,"href":"https:\/\/coursierexpress.ch\/de\/wp-json\/wp\/v2\/pages\/57\/revisions"}],"up":[{"embeddable":true,"href":"https:\/\/coursierexpress.ch\/de\/wp-json\/wp\/v2\/pages\/43"}],"wp:featuredmedia":[{"embeddable":true,"href":"https:\/\/coursierexpress.ch\/de\/wp-json\/wp\/v2\/media\/97"}],"wp:attachment":[{"href":"https:\/\/coursierexpress.ch\/de\/wp-json\/wp\/v2\/media?parent=57"}],"curies":[{"name":"wp","href":"https:\/\/api.w.org\/{rel}","templated":true}]}}